{"id":470,"date":"2017-01-16T09:29:31","date_gmt":"2017-01-16T09:29:31","guid":{"rendered":"https:\/\/www.toffoli.it\/new\/azienda\/"},"modified":"2025-07-15T10:20:43","modified_gmt":"2025-07-15T10:20:43","slug":"unternehmen","status":"publish","type":"page","link":"https:\/\/www.toffoli.it\/de\/unternehmen\/","title":{"rendered":"Unternehmen"},"content":{"rendered":"<h3>Francesco Toffoli &#8211; L\u00f6sungen mit Qualit\u00e4t<\/h3>\n<p>Die Firma Francesco Toffoli S.p.A ist spezialisiert in der Verarbeitung des Stahldrahtes.<\/p>\n<p>Sie wurde in den 60er Jahren als kleiner Familienbetrieb gegr\u00fcndet und ist dank der starken \u00dcberzeugung und Beharrlichkeit Ihres Gr\u00fcnders, Francesco, zu einem gro\u00dfen Unternehmen herangewachsen und 1980 eine S.p.A (AG) geworden, welche sich aktuell \u00fcber 12.000 m2 erstreckt.<\/p>\n<p>Mit der Kraft von \u00fcber 90 spezialisierten Arbeitern, ist Sie momentan Marktf\u00fchrer.<\/p>\n<p>Die langj\u00e4hrige Erfahrung, die Flexibilit\u00e4t der Produktion und die st\u00e4ndige Weiterbildung im technologischen Bereich erlauben der Firma die Anfragen der nationalen- und internationalen Partner erf\u00fcllen zu k\u00f6nnen und dabei ausschlie\u00dflich Qualit\u00e4tsprodukte zu liefern.<\/p>\n<p>Der Kontakt zum Kunden ist f\u00fcr uns fundamental, da der Dialog und die Zusammenarbeit unverzichtbar sind um unseren Auftrag auf die beste Art und Weise ausf\u00fchren zu k\u00f6nnen. Die Kompetenz unseres Technik Departments und des gesamten restlichen Teams stehen jener Unternehmen zur Verf\u00fcgung, die auf der Suche nach Qualit\u00e4tsl\u00f6sungen sind. <a href=\"https:\/\/www.toffoli.it\/de\/drahtschneiden\">Drahtschneiden |<\/a><a href=\"https:\/\/www.toffoli.it\/de\/gestellrahmen\">Gestellrahmen<\/a><\/p>\n","protected":false},"excerpt":{"rendered":"<p>Francesco Toffoli &#8211; L\u00f6sungen mit Qualit\u00e4t Die Firma Francesco Toffoli S.p.A ist spezialisiert in der Verarbeitung des Stahldrahtes. Sie wurde in den 60er Jahren als kleiner Familienbetrieb gegr\u00fcndet und ist dank der starken \u00dcberzeugung und Beharrlichkeit Ihres Gr\u00fcnders, Francesco, zu einem gro\u00dfen Unternehmen herangewachsen und 1980 eine S.p.A (AG) geworden, welche sich aktuell \u00fcber 12.000 [&hellip;]<\/p>\n","protected":false},"author":3,"featured_media":753,"parent":0,"menu_order":0,"comment_status":"closed","ping_status":"closed","template":"page-azienda.php","meta":[],"acf":[],"_links":{"self":[{"href":"https:\/\/www.toffoli.it\/de\/wp-json\/wp\/v2\/pages\/470"}],"collection":[{"href":"https:\/\/www.toffoli.it\/de\/wp-json\/wp\/v2\/pages"}],"about":[{"href":"https:\/\/www.toffoli.it\/de\/wp-json\/wp\/v2\/types\/page"}],"author":[{"embeddable":true,"href":"https:\/\/www.toffoli.it\/de\/wp-json\/wp\/v2\/users\/3"}],"replies":[{"embeddable":true,"href":"https:\/\/www.toffoli.it\/de\/wp-json\/wp\/v2\/comments?post=470"}],"version-history":[{"count":24,"href":"https:\/\/www.toffoli.it\/de\/wp-json\/wp\/v2\/pages\/470\/revisions"}],"predecessor-version":[{"id":2311,"href":"https:\/\/www.toffoli.it\/de\/wp-json\/wp\/v2\/pages\/470\/revisions\/2311"}],"wp:featuredmedia":[{"embeddable":true,"href":"https:\/\/www.toffoli.it\/de\/wp-json\/wp\/v2\/media\/753"}],"wp:attachment":[{"href":"https:\/\/www.toffoli.it\/de\/wp-json\/wp\/v2\/media?parent=470"}],"curies":[{"name":"wp","href":"https:\/\/api.w.org\/{rel}","templated":true}]}}